{"id":552,"date":"2020-02-06T15:40:26","date_gmt":"2020-02-06T15:40:26","guid":{"rendered":"https:\/\/fuchs-tc.de\/privacy\/"},"modified":"2023-12-01T10:43:46","modified_gmt":"2023-12-01T10:43:46","slug":"privacy","status":"publish","type":"page","link":"https:\/\/fuchs-tc.de\/en\/privacy\/","title":{"rendered":"Privacy"},"content":{"rendered":"<div class=\"wpb-content-wrapper\">[vc_row full_width=&#8221;stretch_row&#8221; content_placement=&#8221;middle&#8221; parallax_style=&#8221;vcpb-default&#8221; remove_bottom_col_margin=&#8221;true&#8221; bg_type=&#8221;image&#8221; bg_image_new=&#8221;id^354|url^https:\/\/fuchs-tc.de\/wp-content\/uploads\/2020\/01\/FTC_Datenschutz.jpg|caption^null|alt^null|title^FTC_Datenschutz|description^null&#8221; bg_image_repeat=&#8221;no-repeat&#8221; bg_img_attach=&#8221;fixed&#8221; seperator_enable=&#8221;seperator_enable_value&#8221; seperator_type=&#8221;tilt_left_seperator&#8221; seperator_position=&#8221;bottom_seperator&#8221; seperator_svg_height=&#8221;80&#8243; css=&#8221;.vc_custom_1579022232949{padding-top: 17vh !important;padding-bottom: 17vh !important;}&#8221; wpex_bg_position=&#8221;center center&#8221; wpex_zindex=&#8221;-100px&#8221;][vc_column width=&#8221;1\/4&#8243;][\/vc_column][vc_column width=&#8221;1\/2&#8243;]<style>.vcex-heading.vcex_69f54d550d8d2{color:#ffffff;}.vcex-heading.vcex_69f54d550d8d2 .vcex-heading-icon{color:#0093d5;}<\/style><h2 class=\"vcex-heading vcex-heading-plain vcex-module wpex-heading wpex-text-2xl wpex-text-center vcex_69f54d550d8d2\"><span class=\"vcex-heading-inner wpex-inline-block\">Privacy<\/span><\/h2>[\/vc_column][vc_column width=&#8221;1\/4&#8243;][\/vc_column][\/vc_row][vc_row remove_bottom_col_margin=&#8221;true&#8221;][vc_column]<style>.vcex-heading.vcex_69f54d550ef76 .vcex-heading-icon{color:#0093d5;}<\/style><h2 class=\"vcex-heading vcex-heading-plain vcex-module wpex-heading wpex-text-2xl wpex-text-left vcex_69f54d550ef76\"><span class=\"vcex-heading-inner wpex-inline-block\"><span class=\"vcex-heading-icon vcex-heading-icon-left vcex-icon-wrap wpex-mr-10\"><span class=\"wpex-icon\" aria-hidden=\"true\"><svg xmlns=\"http:\/\/www.w3.org\/2000\/svg\" viewBox=\"0 0 448 512\"><path d=\"M144 144v48H304V144c0-44.2-35.8-80-80-80s-80 35.8-80 80zM80 192V144C80 64.5 144.5 0 224 0s144 64.5 144 144v48h16c35.3 0 64 28.7 64 64V448c0 35.3-28.7 64-64 64H64c-35.3 0-64-28.7-64-64V256c0-35.3 28.7-64 64-64H80z\"\/><\/svg><\/span><\/span>VERTRAUENSVOLLER UMGANG<\/span><\/h2><div class=\"vcex-spacing wpex-w-100 wpex-clear\" style=\"height:45px;\"><\/div>[vc_column_text]Diese Datenschutzerkl\u00e4rung soll die Nutzer dieser Website \u00fcber die Art, den Umfang und den Zweck der Erhebung und Verwendung personenbezogener Daten durch den Websitebetreiber Fuchs Technology Consulting GmbH informieren:<\/p>\n<p><strong>Fuchs Technology Consulting GmbH<br \/>\n<\/strong><\/p>\n<p style=\"font-weight: 400;\">Schubertstra\u00dfe 27<br \/>\n60325 Frankfurt am Main<\/p>\n<p>vertreten durch den Gesch\u00e4ftsf\u00fchrer Herrn Andre Fuchs<\/p>\n<p>Tel.: +49 (0)69-95 411 96 80<br \/>\n<a href=\"mailto:info@fuchs-tc.de\">info@fuchs-tc.de<\/a><\/p>\n<p>eingetragen im Handelsregister des Amtsgerichts Frankfurt am Main, HRB: 82623<\/p>\n<p>Der Websitebetreiber nimmt Ihren Datenschutz sehr ernst und behandelt Ihre personenbezogenen Daten vertraulich und entsprechend der gesetzlichen Vorschriften. Da durch neue Technologien und die st\u00e4ndige Weiterentwicklung dieser Webseite \u00c4nderungen an dieser Datenschutzerkl\u00e4rung vorgenommen werden k\u00f6nnen, empfehlen wir Ihnen sich die Datenschutzerkl\u00e4rung in regelm\u00e4\u00dfigen Abst\u00e4nden wieder durchzulesen.<\/p>\n<p>Der Websitebetreiber verarbeitet Ihre personenbezogenen Daten grunds\u00e4tzlich nur, soweit dies zur Bereitstellung einer funktionsf\u00e4higen Website sowie der Inhalte und Leistungen erforderlich ist. Die Verarbeitung Ihrer personenbezogener Daten\u00a0 erfolgt regelm\u00e4\u00dfig nur nach Ihrer Einwilligung. Eine Ausnahme gilt in solchen F\u00e4llen, in denen eine vorherige Einholung einer Einwilligung aus tats\u00e4chlichen Gr\u00fcnden nicht m\u00f6glich ist und die Verarbeitung der Daten durch gesetzliche Vorschriften gestattet ist.<\/p>\n<p>Die personenbezogenen Daten der betroffenen Person werden gel\u00f6scht oder gesperrt, sobald der Zweck der Speicherung entf\u00e4llt.<\/p>\n<p>Definitionen der verwendeten Begriffe (z.B. \u201cpersonenbezogene Daten\u201d oder \u201cVerarbeitung\u201d) finden Sie in Art. 4 DSGVO.<\/p>\n<h3><strong>Zugriffsdaten<\/strong><\/h3>\n<p>Wir, der Websitebetreiber bzw. Seitenprovider, erheben aufgrund unseres berechtigten Interesses (s. Art. 6 Abs. 1 lit. f. DSGVO) Daten \u00fcber Zugriffe auf die Website und speichern diese als \u201eServer-Logfiles\u201c auf dem Server der Website ab. Folgende Daten werden so protokolliert:<\/p>\n<ul>\n<li>Besuchte Website<\/li>\n<li>Uhrzeit zum Zeitpunkt des Zugriffes<\/li>\n<li>Menge der gesendeten Daten in Byte<\/li>\n<li>Quelle\/Verweis, von welchem Sie auf unsere Seite gelangten (Referrer)<\/li>\n<li>Verwendeter Browser<\/li>\n<li>Verwendetes Betriebssystem<\/li>\n<li>Verwendete IP-Adresse<\/li>\n<\/ul>\n<p>Die Server-Logfiles werden f\u00fcr maximal 7 Tage gespeichert und anschlie\u00dfend gel\u00f6scht. Die Speicherung der Daten erfolgt aus Sicherheitsgr\u00fcnden, um z. B. Missbrauchsf\u00e4lle aufkl\u00e4ren zu k\u00f6nnen. M\u00fcssen Daten aus Beweisgr\u00fcnden aufgehoben werden, sind sie solange von der L\u00f6schung ausgenommen bis der Vorfall endg\u00fcltig gekl\u00e4rt ist.<\/p>\n<h3><strong>Reichweitenmessung &amp; Cookies<\/strong><\/h3>\n<p>Diese Website verwendet Cookies zur pseudonymisierten Reichweitenmessung, die entweder von unserem Server oder dem Server Dritter an den Browser des Nutzers \u00fcbertragen werden. Bei Cookies handelt es sich um kleine Dateien, welche auf Ihrem Endger\u00e4t gespeichert werden. Ihr Browser greift auf diese Dateien zu. Durch den Einsatz von Cookies erh\u00f6ht sich die Benutzerfreundlichkeit und Sicherheit dieser Website.<\/p>\n<p>Beim Aufruf unserer Website wird der Nutzer \u00fcber die Verwendung von Cookies zu Analysezwecken informiert und seine Einwilligung zur Verarbeitung der in diesem Zusammenhang verwendeten personenbezogenen Daten eingeholt. In diesem Zusammenhang erfolgt auch ein Hinweis auf diese Datenschutzerkl\u00e4rung.<\/p>\n<p>Hinweis: Es ist nicht gew\u00e4hrleistet, dass Sie auf alle Funktionen dieser Website ohne Einschr\u00e4nkungen zugreifen k\u00f6nnen, wenn Sie entsprechende Einstellungen vornehmen.<\/p>\n<h3><strong>Umgang mit Kontaktdaten<\/strong><\/h3>\n<p>Nehmen Sie mit uns als Websitebetreiber durch die angebotenen Kontaktm\u00f6glichkeiten Verbindung auf, werden Ihre im Rahmen der Kommunikation \u00fcbermittelten Angaben (wie z.B. E-Mailadresse, Name) gespeichert, damit auf diese zur Bearbeitung und Beantwortung Ihrer Anfrage zur\u00fcckgegriffen werden kann. Ohne Ihre Einwilligung werden diese Daten nicht an Dritte weitergegeben.<\/p>\n<h3><strong>Betroffenenrechte<\/strong><\/h3>\n<p>Sie haben das Recht:<\/p>\n<p>\u2022 gem\u00e4\u00df Art. 15 DSGVO Auskunft \u00fcber Ihre von uns verarbeiteten personenbezogenen Daten zu verlangen. Insbesondere k\u00f6nnen Sie Auskunft \u00fcber die Verarbeitungszwecke, die Kategorie der personenbezogenen Daten, die Kategorien von Empf\u00e4ngern, gegen\u00fcber denen Ihre Daten offengelegt wurden oder werden, die geplante Speicherdauer, das Bestehen eines Rechts auf Berichtigung, L\u00f6schung, Einschr\u00e4nkung der Verarbeitung oder Widerspruch, das Bestehen eines Beschwerderechts, die Herkunft ihrer Daten, sofern diese nicht bei uns erhoben wurden, sowie \u00fcber das Bestehen einer automatisierten Entscheidungsfindung einschlie\u00dflich Profiling und ggf. aussagekr\u00e4ftigen Informationen zu deren Einzelheiten verlangen;<\/p>\n<p>\u2022 gem\u00e4\u00df Art. 16 DSGVO unverz\u00fcglich die Berichtigung unrichtiger oder Vervollst\u00e4ndigung Ihrer bei uns gespeicherten personenbezogenen Daten zu verlangen;<\/p>\n<p>\u2022 gem\u00e4\u00df Art. 17 DSGVO die L\u00f6schung Ihrer bei uns gespeicherten personenbezogenen Daten zu verlangen, soweit nicht die Verarbeitung zur Aus\u00fcbung des Rechts auf freie Meinungs\u00e4u\u00dferung und Information, zur Erf\u00fcllung einer rechtlichen Verpflichtung, aus Gr\u00fcnden des \u00f6ffentlichen Interesses oder zur Geltendmachung, Aus\u00fcbung oder Verteidigung von Rechtsanspr\u00fcchen erforderlich ist;<\/p>\n<p>\u2022 gem\u00e4\u00df Art. 18 DSGVO die Einschr\u00e4nkung der Verarbeitung Ihrer personenbezogenen Daten zu verlangen, soweit die Richtigkeit der Daten von Ihnen bestritten wird, die Verarbeitung unrechtm\u00e4\u00dfig ist, Sie aber deren L\u00f6schung ablehnen und wir die Daten nicht mehr ben\u00f6tigen, Sie jedoch diese zur Geltendmachung, Aus\u00fcbung oder Verteidigung von Rechtsanspr\u00fcchen ben\u00f6tigen oder Sie gem\u00e4\u00df Art. 21 DSGVO Widerspruch gegen die Verarbeitung eingelegt haben;<\/p>\n<p>\u2022 gem\u00e4\u00df Art. 20 DSGVO Ihre personenbezogenen Daten, die Sie uns bereitgestellt haben, in einem strukturierten, g\u00e4ngigen und maschinenlesebaren Format zu erhalten oder die \u00dcbermittlung an einen anderen Verantwortlichen zu verlangen;<\/p>\n<p>\u2022 gem\u00e4\u00df Art. 7 Abs. 3 DSGVO Ihre einmal erteilte Einwilligung jederzeit gegen\u00fcber uns zu widerrufen. Dies hat zur Folge, dass wir die Datenverarbeitung, die auf dieser Einwilligung beruhte, f\u00fcr die Zukunft nicht mehr fortf\u00fchren d\u00fcrfen und<\/p>\n<p>\u2022 gem\u00e4\u00df Art. 77 DSGVO sich bei einer Aufsichtsbeh\u00f6rde zu beschweren. In der Regel k\u00f6nnen Sie sich hierf\u00fcr an die Aufsichtsbeh\u00f6rde Ihres \u00fcblichen Aufenthaltsortes oder Arbeitsplatzes oder unseres Firmensitzes wenden.<\/p>\n<h3><strong>Widerspruchsrecht<\/strong><\/h3>\n<p>Sofern Ihre personenbezogenen Daten auf Grundlage von berechtigten Interessen gem\u00e4\u00df Art. 6 Abs. 1 S. 1 lit. f DSGVO verarbeitet werden, haben Sie das Recht, gem\u00e4\u00df Art. 21 DSGVO Widerspruch gegen die Verarbeitung Ihrer personenbezogenen Daten einzulegen, soweit daf\u00fcr Gr\u00fcnde vorliegen, die sich aus Ihrer besonderen Situation ergeben oder sich der Widerspruch gegen Direktwerbung richtet. Im letzteren Fall haben Sie ein generelles Widerspruchsrecht, das ohne Angabe einer besonderen Situation von uns umgesetzt wird.<\/p>\n<p>M\u00f6chten Sie von Ihrem Widerrufs- oder Widerspruchsrecht Gebrauch machen, gen\u00fcgt eine E-Mail an\u00a0<a href=\"mailto:info@fuchs-tc.de\">info@fuchs-tc.de<\/a>[\/vc_column_text][vc_column_text]\n<h3>Zusammenarbeit mit Dritten (Auftragsverarbeiter)<\/h3>\n<p>Zur Bereitstellung dieses Online-Angebots und im Rahmen unserer Verarbeitung offenbaren wir ggf. Daten gegen\u00fcber anderen Personen und Unternehmen (Auftragsverarbeiter oder Dritte), \u00fcbermitteln sie an diese oder gew\u00e4hren Zugriff. Dies erfolgt ausschlie\u00dflich auf Grundlage einer gesetzlichen Erlaubnis (gem. Art. 6 Abs. 1 lit. b DSGVO zur Vertragserf\u00fcllung, wenn bspw. wenn eine \u00dcbermittlung der Daten an Zahlungsdienstleister notwendig ist), auf Grundlage Ihrer Einwilligung, auf Grundlage einer rechtlichen Verpflichtung oder auf Grundlage unserer berechtigten Interessen, bspw. dem Einsatz von Hosting-Anbietern o.\u00e4.<\/p>\n<h3>Hosting<\/h3>\n<p>Zum Zwecke des Betriebs dieses Online-Angebots nehmen wir Hosting-Leistungen in Anspruch. Diese dienen der Bereitstellung von Infrastruktur- und Plattformdienstleistungen, Speicherplatz, Rechenkapazit\u00e4t, Datenbankdiensten, technischer Wartungsleistungen sowie Sicherheitsleistungen.<\/p>\n<p>Wir bzw. unser Hosting-Anbieter Domainfactory verarbeiten dabei Nutzungsdaten, Meta- und Kommunikationsdaten, Bestandsdaten, Inhaltsdaten, Vertragsdaten sowie Kontaktdaten von Besuchern dieses Online-Angebots, Interessenten und Kunden. Dies geschieht auf Grundlage unseres berechtigten Interesses an einer sicheren und effizienten Bereitstellung dieses Online-Angebots Art. 6 Abs. 1 lit. f DSGVO i.V.m. Art. 28 DSGVO.<\/p>\n<h3>Google Fonts<\/h3>\n<p>Im Rahmen dieses Online-Angebots verwenden wir zur einheitlichen Darstellung von Schriftarten Google Web Fonts des Anbieters Google LLC, 1600 Amphitheatre Parkway, Mountain View, CA 94043, USA, ein. Die Datenschutzerkl\u00e4rung von Google finden Sie unter: https:\/\/www.google.com\/policies\/privacy\/. Unter: https:\/\/adssettings.google.com\/authenticated haben Sie die M\u00f6glichkeit zur Deaktivierung personalisierter Werbung innerhalb der von Google angebotenen Dienste.<\/p>\n<h3>Google Maps<\/h3>\n<p>Zur Steigerung der Benutzerfreundlichkeit dieses Online-Angebots binden wir Landkarten des Dienstes \u201eGoogle Maps\u201c des Anbieters Google LLC, 1600 Amphitheatre Parkway, Mountain View, CA 94043, USA, ein. Die Datenschutzerkl\u00e4rung von Google finden Sie unter: https:\/\/www.google.com\/policies\/privacy\/. Unter: https:\/\/adssettings.google.com\/authenticated haben Sie die M\u00f6glichkeit zur Deaktivierung personalisierter Werbung innerhalb der von Google angebotenen Dienste.[\/vc_column_text][\/vc_column][\/vc_row][vc_row full_width=&#8221;stretch_row&#8221; bg_type=&#8221;bg_color&#8221; seperator_enable=&#8221;seperator_enable_value&#8221; seperator_type=&#8221;tilt_left_seperator&#8221; seperator_svg_height=&#8221;80&#8243; bg_color_value=&#8221;#1e2548&#8243;][vc_column width=&#8221;1\/2&#8243;]<div class=\"vcex-spacing wpex-w-100 wpex-clear\" style=\"height:80px;\"><\/div>[\/vc_column][vc_column width=&#8221;1\/2&#8243;][\/vc_column][\/vc_row]\n<\/div>","protected":false},"excerpt":{"rendered":"<p>[vc_row full_width=&#8221;stretch_row&#8221; content_placement=&#8221;middle&#8221; parallax_style=&#8221;vcpb-default&#8221; remove_bottom_col_margin=&#8221;true&#8221; bg_type=&#8221;image&#8221; bg_image_new=&#8221;id^354|url^https:\/\/fuchs-tc.de\/wp-content\/uploads\/2020\/01\/FTC_Datenschutz.jpg|caption^null|alt^null|title^FTC_Datenschutz|description^null&#8221; bg_image_repeat=&#8221;no-repeat&#8221; bg_img_attach=&#8221;fixed&#8221; seperator_enable=&#8221;seperator_enable_value&#8221; seperator_type=&#8221;tilt_left_seperator&#8221; seperator_position=&#8221;bottom_seperator&#8221; seperator_svg_height=&#8221;80&#8243; css=&#8221;.vc_custom_1579022232949{padding-top: 17vh !important;padding-bottom: 17vh !important;}&#8221; wpex_bg_position=&#8221;center center&#8221; wpex_zindex=&#8221;-100px&#8221;][vc_column width=&#8221;1\/4&#8243;][\/vc_column][vc_column width=&#8221;1\/2&#8243;][\/vc_column][vc_column width=&#8221;1\/4&#8243;][\/vc_column][\/vc_row][vc_row remove_bottom_col_margin=&#8221;true&#8221;][vc_column][vc_column_text]Diese Datenschutzerkl\u00e4rung soll die Nutzer dieser Website \u00fcber die Art, den Umfang und den Zweck der Erhebung und Verwendung personenbezogener Daten durch den Websitebetreiber Fuchs Technology Consulting GmbH informieren: Fuchs Technology&hellip;<\/p>\n","protected":false},"author":1,"featured_media":0,"parent":0,"menu_order":0,"comment_status":"closed","ping_status":"open","template":"","meta":{"footnotes":""},"class_list":["post-552","page","type-page","status-publish","hentry","entry","no-media"],"yoast_head":"<!-- This site is optimized with the Yoast SEO plugin v24.2 - https:\/\/yoast.com\/wordpress\/plugins\/seo\/ -->\n<title>Privacy - Fuchs TC<\/title>\n<meta name=\"robots\" content=\"index, follow, max-snippet:-1, max-image-preview:large, max-video-preview:-1\" \/>\n<link rel=\"canonical\" href=\"https:\/\/fuchs-tc.de\/en\/privacy\/\" \/>\n<meta property=\"og:locale\" content=\"en_US\" \/>\n<meta property=\"og:type\" content=\"article\" \/>\n<meta property=\"og:title\" content=\"Privacy - Fuchs TC\" \/>\n<meta property=\"og:description\" content=\"[vc_row full_width=&#8221;stretch_row&#8221; content_placement=&#8221;middle&#8221; parallax_style=&#8221;vcpb-default&#8221; remove_bottom_col_margin=&#8221;true&#8221; bg_type=&#8221;image&#8221; bg_image_new=&#8221;id^354|url^https:\/\/fuchs-tc.de\/wp-content\/uploads\/2020\/01\/FTC_Datenschutz.jpg|caption^null|alt^null|title^FTC_Datenschutz|description^null&#8221; bg_image_repeat=&#8221;no-repeat&#8221; bg_img_attach=&#8221;fixed&#8221; seperator_enable=&#8221;seperator_enable_value&#8221; seperator_type=&#8221;tilt_left_seperator&#8221; seperator_position=&#8221;bottom_seperator&#8221; seperator_svg_height=&#8221;80&#8243; css=&#8221;.vc_custom_1579022232949{padding-top: 17vh !important;padding-bottom: 17vh !important;}&#8221; wpex_bg_position=&#8221;center center&#8221; wpex_zindex=&#8221;-100px&#8221;][vc_column width=&#8221;1\/4&#8243;][\/vc_column][vc_column width=&#8221;1\/2&#8243;][\/vc_column][vc_column width=&#8221;1\/4&#8243;][\/vc_column][\/vc_row][vc_row remove_bottom_col_margin=&#8221;true&#8221;][vc_column][vc_column_text]Diese Datenschutzerkl\u00e4rung soll die Nutzer dieser Website \u00fcber die Art, den Umfang und den Zweck der Erhebung und Verwendung personenbezogener Daten durch den Websitebetreiber Fuchs Technology Consulting GmbH informieren: Fuchs Technology&hellip;\" \/>\n<meta property=\"og:url\" content=\"https:\/\/fuchs-tc.de\/en\/privacy\/\" \/>\n<meta property=\"og:site_name\" content=\"Fuchs TC\" \/>\n<meta property=\"article:modified_time\" content=\"2023-12-01T10:43:46+00:00\" \/>\n<meta name=\"twitter:card\" content=\"summary_large_image\" \/>\n<meta name=\"twitter:label1\" content=\"Est. reading time\" \/>\n\t<meta name=\"twitter:data1\" content=\"7 minutes\" \/>\n<script type=\"application\/ld+json\" class=\"yoast-schema-graph\">{\"@context\":\"https:\/\/schema.org\",\"@graph\":[{\"@type\":\"WebPage\",\"@id\":\"https:\/\/fuchs-tc.de\/en\/privacy\/\",\"url\":\"https:\/\/fuchs-tc.de\/en\/privacy\/\",\"name\":\"Privacy - Fuchs TC\",\"isPartOf\":{\"@id\":\"https:\/\/fuchs-tc.de\/#website\"},\"datePublished\":\"2020-02-06T15:40:26+00:00\",\"dateModified\":\"2023-12-01T10:43:46+00:00\",\"breadcrumb\":{\"@id\":\"https:\/\/fuchs-tc.de\/en\/privacy\/#breadcrumb\"},\"inLanguage\":\"en-US\",\"potentialAction\":[{\"@type\":\"ReadAction\",\"target\":[\"https:\/\/fuchs-tc.de\/en\/privacy\/\"]}]},{\"@type\":\"BreadcrumbList\",\"@id\":\"https:\/\/fuchs-tc.de\/en\/privacy\/#breadcrumb\",\"itemListElement\":[{\"@type\":\"ListItem\",\"position\":1,\"name\":\"Home\",\"item\":\"https:\/\/fuchs-tc.de\/en\/\"},{\"@type\":\"ListItem\",\"position\":2,\"name\":\"Privacy\"}]},{\"@type\":\"WebSite\",\"@id\":\"https:\/\/fuchs-tc.de\/#website\",\"url\":\"https:\/\/fuchs-tc.de\/\",\"name\":\"Fuchs TC\",\"description\":\"Fuchs Technology Consulting\",\"publisher\":{\"@id\":\"https:\/\/fuchs-tc.de\/#organization\"},\"potentialAction\":[{\"@type\":\"SearchAction\",\"target\":{\"@type\":\"EntryPoint\",\"urlTemplate\":\"https:\/\/fuchs-tc.de\/?s={search_term_string}\"},\"query-input\":{\"@type\":\"PropertyValueSpecification\",\"valueRequired\":true,\"valueName\":\"search_term_string\"}}],\"inLanguage\":\"en-US\"},{\"@type\":\"Organization\",\"@id\":\"https:\/\/fuchs-tc.de\/#organization\",\"name\":\"Fuchs TC\",\"url\":\"https:\/\/fuchs-tc.de\/\",\"logo\":{\"@type\":\"ImageObject\",\"inLanguage\":\"en-US\",\"@id\":\"https:\/\/fuchs-tc.de\/#\/schema\/logo\/image\/\",\"url\":\"https:\/\/fuchs-tc.de\/wp-content\/uploads\/2019\/11\/FTC_Bildlogo.png\",\"contentUrl\":\"https:\/\/fuchs-tc.de\/wp-content\/uploads\/2019\/11\/FTC_Bildlogo.png\",\"width\":557,\"height\":250,\"caption\":\"Fuchs TC\"},\"image\":{\"@id\":\"https:\/\/fuchs-tc.de\/#\/schema\/logo\/image\/\"},\"sameAs\":[\"https:\/\/www.linkedin.com\/in\/andre-fuchs-b753871b\/\"]}]}<\/script>\n<!-- \/ Yoast SEO plugin. -->","yoast_head_json":{"title":"Privacy - Fuchs TC","robots":{"index":"index","follow":"follow","max-snippet":"max-snippet:-1","max-image-preview":"max-image-preview:large","max-video-preview":"max-video-preview:-1"},"canonical":"https:\/\/fuchs-tc.de\/en\/privacy\/","og_locale":"en_US","og_type":"article","og_title":"Privacy - Fuchs TC","og_description":"[vc_row full_width=&#8221;stretch_row&#8221; content_placement=&#8221;middle&#8221; parallax_style=&#8221;vcpb-default&#8221; remove_bottom_col_margin=&#8221;true&#8221; bg_type=&#8221;image&#8221; bg_image_new=&#8221;id^354|url^https:\/\/fuchs-tc.de\/wp-content\/uploads\/2020\/01\/FTC_Datenschutz.jpg|caption^null|alt^null|title^FTC_Datenschutz|description^null&#8221; bg_image_repeat=&#8221;no-repeat&#8221; bg_img_attach=&#8221;fixed&#8221; seperator_enable=&#8221;seperator_enable_value&#8221; seperator_type=&#8221;tilt_left_seperator&#8221; seperator_position=&#8221;bottom_seperator&#8221; seperator_svg_height=&#8221;80&#8243; css=&#8221;.vc_custom_1579022232949{padding-top: 17vh !important;padding-bottom: 17vh !important;}&#8221; wpex_bg_position=&#8221;center center&#8221; wpex_zindex=&#8221;-100px&#8221;][vc_column width=&#8221;1\/4&#8243;][\/vc_column][vc_column width=&#8221;1\/2&#8243;][\/vc_column][vc_column width=&#8221;1\/4&#8243;][\/vc_column][\/vc_row][vc_row remove_bottom_col_margin=&#8221;true&#8221;][vc_column][vc_column_text]Diese Datenschutzerkl\u00e4rung soll die Nutzer dieser Website \u00fcber die Art, den Umfang und den Zweck der Erhebung und Verwendung personenbezogener Daten durch den Websitebetreiber Fuchs Technology Consulting GmbH informieren: Fuchs Technology&hellip;","og_url":"https:\/\/fuchs-tc.de\/en\/privacy\/","og_site_name":"Fuchs TC","article_modified_time":"2023-12-01T10:43:46+00:00","twitter_card":"summary_large_image","twitter_misc":{"Est. reading time":"7 minutes"},"schema":{"@context":"https:\/\/schema.org","@graph":[{"@type":"WebPage","@id":"https:\/\/fuchs-tc.de\/en\/privacy\/","url":"https:\/\/fuchs-tc.de\/en\/privacy\/","name":"Privacy - Fuchs TC","isPartOf":{"@id":"https:\/\/fuchs-tc.de\/#website"},"datePublished":"2020-02-06T15:40:26+00:00","dateModified":"2023-12-01T10:43:46+00:00","breadcrumb":{"@id":"https:\/\/fuchs-tc.de\/en\/privacy\/#breadcrumb"},"inLanguage":"en-US","potentialAction":[{"@type":"ReadAction","target":["https:\/\/fuchs-tc.de\/en\/privacy\/"]}]},{"@type":"BreadcrumbList","@id":"https:\/\/fuchs-tc.de\/en\/privacy\/#breadcrumb","itemListElement":[{"@type":"ListItem","position":1,"name":"Home","item":"https:\/\/fuchs-tc.de\/en\/"},{"@type":"ListItem","position":2,"name":"Privacy"}]},{"@type":"WebSite","@id":"https:\/\/fuchs-tc.de\/#website","url":"https:\/\/fuchs-tc.de\/","name":"Fuchs TC","description":"Fuchs Technology Consulting","publisher":{"@id":"https:\/\/fuchs-tc.de\/#organization"},"potentialAction":[{"@type":"SearchAction","target":{"@type":"EntryPoint","urlTemplate":"https:\/\/fuchs-tc.de\/?s={search_term_string}"},"query-input":{"@type":"PropertyValueSpecification","valueRequired":true,"valueName":"search_term_string"}}],"inLanguage":"en-US"},{"@type":"Organization","@id":"https:\/\/fuchs-tc.de\/#organization","name":"Fuchs TC","url":"https:\/\/fuchs-tc.de\/","logo":{"@type":"ImageObject","inLanguage":"en-US","@id":"https:\/\/fuchs-tc.de\/#\/schema\/logo\/image\/","url":"https:\/\/fuchs-tc.de\/wp-content\/uploads\/2019\/11\/FTC_Bildlogo.png","contentUrl":"https:\/\/fuchs-tc.de\/wp-content\/uploads\/2019\/11\/FTC_Bildlogo.png","width":557,"height":250,"caption":"Fuchs TC"},"image":{"@id":"https:\/\/fuchs-tc.de\/#\/schema\/logo\/image\/"},"sameAs":["https:\/\/www.linkedin.com\/in\/andre-fuchs-b753871b\/"]}]}},"_links":{"self":[{"href":"https:\/\/fuchs-tc.de\/en\/wp-json\/wp\/v2\/pages\/552","targetHints":{"allow":["GET"]}}],"collection":[{"href":"https:\/\/fuchs-tc.de\/en\/wp-json\/wp\/v2\/pages"}],"about":[{"href":"https:\/\/fuchs-tc.de\/en\/wp-json\/wp\/v2\/types\/page"}],"author":[{"embeddable":true,"href":"https:\/\/fuchs-tc.de\/en\/wp-json\/wp\/v2\/users\/1"}],"replies":[{"embeddable":true,"href":"https:\/\/fuchs-tc.de\/en\/wp-json\/wp\/v2\/comments?post=552"}],"version-history":[{"count":3,"href":"https:\/\/fuchs-tc.de\/en\/wp-json\/wp\/v2\/pages\/552\/revisions"}],"predecessor-version":[{"id":811,"href":"https:\/\/fuchs-tc.de\/en\/wp-json\/wp\/v2\/pages\/552\/revisions\/811"}],"wp:attachment":[{"href":"https:\/\/fuchs-tc.de\/en\/wp-json\/wp\/v2\/media?parent=552"}],"curies":[{"name":"wp","href":"https:\/\/api.w.org\/{rel}","templated":true}]}}