{"id":545,"date":"2020-02-06T14:57:35","date_gmt":"2020-02-06T14:57:35","guid":{"rendered":"https:\/\/fuchs-tc.de\/imprint\/"},"modified":"2020-02-06T14:57:35","modified_gmt":"2020-02-06T14:57:35","slug":"imprint","status":"publish","type":"page","link":"https:\/\/fuchs-tc.de\/en\/imprint\/","title":{"rendered":"Imprint"},"content":{"rendered":"<div class=\"wpb-content-wrapper\">[vc_row full_width=&#8221;stretch_row&#8221; content_placement=&#8221;middle&#8221; remove_bottom_col_margin=&#8221;true&#8221; parallax_style=&#8221;vcpb-default&#8221; bg_type=&#8221;image&#8221; bg_image_new=&#8221;id^351|url^https:\/\/fuchs-tc.de\/wp-content\/uploads\/2020\/01\/FTC_Impressum.jpg|caption^null|alt^null|title^FTC_Impressum|description^null&#8221; bg_image_repeat=&#8221;no-repeat&#8221; seperator_enable=&#8221;seperator_enable_value&#8221; seperator_type=&#8221;tilt_left_seperator&#8221; seperator_position=&#8221;bottom_seperator&#8221; seperator_svg_height=&#8221;80&#8243; css=&#8221;.vc_custom_1579021994842{padding-top: 9vh !important;padding-bottom: 13vh !important;}&#8221; wpex_bg_position=&#8221;center center&#8221; wpex_zindex=&#8221;-100px&#8221;][vc_column width=&#8221;1\/4&#8243;][\/vc_column][vc_column width=&#8221;1\/2&#8243;]<style>.vcex-heading.vcex_69f54f333ca69{color:#ffffff;}.vcex-heading.vcex_69f54f333ca69 .vcex-heading-icon{color:#0093d5;}<\/style><h2 class=\"vcex-heading vcex-heading-plain vcex-module wpex-heading wpex-text-2xl wpex-text-center vcex_69f54f333ca69\"><span class=\"vcex-heading-inner wpex-inline-block\">Imprint<\/span><\/h2>[\/vc_column][vc_column width=&#8221;1\/4&#8243;][\/vc_column][\/vc_row][vc_row][vc_column]<div class=\"templatera_shortcode\"><div class=\"vc_row wpb_row vc_row-fluid wpex-relative\"><div class=\"wpb_column vc_column_container vc_col-sm-4\"><div class=\"vc_column-inner\"><div class=\"wpb_wrapper\"><\/div><\/div><\/div><div class=\"wpb_column vc_column_container vc_col-sm-4\"><div class=\"vc_column-inner\"><div class=\"wpb_wrapper\"><style>.vcex-image.vcex_69f54f3341650 .vcex-image-inner{max-width:40%;}<\/style><figure class=\"vcex-image vcex-module wpex-text-center vcex_69f54f3341650\"><div class=\"vcex-image-inner wpex-relative wpex-inline-block\"><img width=\"381\" height=\"300\" src=\"https:\/\/fuchs-tc.de\/wp-content\/uploads\/2019\/11\/FTC_Logo.png\" class=\"vcex-image-img wpex-align-middle\" alt=\"\" loading=\"lazy\" decoding=\"async\" srcset=\"https:\/\/fuchs-tc.de\/wp-content\/uploads\/2019\/11\/FTC_Logo.png 381w, https:\/\/fuchs-tc.de\/wp-content\/uploads\/2019\/11\/FTC_Logo-300x236.png 300w\" sizes=\"auto, (max-width: 381px) 100vw, 381px\" \/><\/div><\/figure><div class=\"vcex-spacing wpex-w-100 wpex-clear\" style=\"height:35px;\"><\/div>\n\t<div style=\"text-align:center;\" class=\"wpb_text_column wpb_content_element\" >\n\t\t<div class=\"wpb_wrapper\">\n\t\t\t<p><strong>Fuchs Technology Consulting GmbH<\/strong><\/p>\n<p style=\"font-weight: 400;\">Schubertstra\u00dfe 27<br \/>\n60325 Frankfurt am Main<\/p>\n\n\t\t<\/div>\n\t<\/div>\n<div class=\"vcex-spacing wpex-w-100 wpex-clear\" style=\"height:15px;\"><\/div><style>.vcex-list_item.vcex_69f54f3343eb3 .vcex-list-item-icon-inner{color:#0093d5;}<\/style><div class=\"vcex-list_item vcex-module wpex-m-0 wpex-max-w-100 wpex-mb-5 wpex-text-center vcex_69f54f3343eb3\"><a href=\"tel:+4969954119680\" class=\"vcex-list-item-link wpex-no-underline\"><div class=\"vcex-list-item-inner wpex-inline-flex wpex-flex-no-wrap\"><div class=\"vcex-list-item-icon wpex-mr-10\"><div class=\"vcex-list-item-icon-inner vcex-icon-wrap wpex-inline-flex wpex-justify-center wpex-items-center wpex-leading-none wpex-child-inherit-color\"><span class=\"wpex-icon--w wpex-icon\" aria-hidden=\"true\"><svg xmlns=\"http:\/\/www.w3.org\/2000\/svg\" viewBox=\"0 0 512 512\"><path d=\"M164.9 24.6c-7.7-18.6-28-28.5-47.4-23.2l-88 24C12.1 30.2 0 46 0 64C0 311.4 200.6 512 448 512c18 0 33.8-12.1 38.6-29.5l24-88c5.3-19.4-4.6-39.7-23.2-47.4l-96-40c-16.3-6.8-35.2-2.1-46.3 11.6L304.7 368C234.3 334.7 177.3 277.7 144 207.3L193.3 167c13.7-11.2 18.4-30 11.6-46.3l-40-96z\"\/><\/svg><\/span><\/div><\/div><div class=\"vcex-list-item-text vcex-content wpex-flex-grow\">+49 (0)69-95 411 96 80<\/div><\/div><\/a><\/div><style>.vcex-list_item.vcex_69f54f3347c71 .vcex-list-item-icon-inner{color:#0093d5;}<\/style><div class=\"vcex-list_item vcex-module wpex-m-0 wpex-max-w-100 wpex-mb-5 wpex-text-center vcex_69f54f3347c71\"><a href=\"mailto:&#105;nf&#111;&#064;&#102;uc&#104;&#115;&#045;tc.&#100;&#101;\" class=\"vcex-list-item-link wpex-no-underline\"><div class=\"vcex-list-item-inner wpex-inline-flex wpex-flex-no-wrap\"><div class=\"vcex-list-item-icon wpex-mr-10\"><div class=\"vcex-list-item-icon-inner vcex-icon-wrap wpex-inline-flex wpex-justify-center wpex-items-center wpex-leading-none wpex-child-inherit-color\"><span class=\"wpex-icon--w wpex-icon\" aria-hidden=\"true\"><svg xmlns=\"http:\/\/www.w3.org\/2000\/svg\" viewBox=\"0 0 512 512\"><path d=\"M48 64C21.5 64 0 85.5 0 112c0 15.1 7.1 29.3 19.2 38.4L236.8 313.6c11.4 8.5 27 8.5 38.4 0L492.8 150.4c12.1-9.1 19.2-23.3 19.2-38.4c0-26.5-21.5-48-48-48H48zM0 176V384c0 35.3 28.7 64 64 64H448c35.3 0 64-28.7 64-64V176L294.4 339.2c-22.8 17.1-54 17.1-76.8 0L0 176z\"\/><\/svg><\/span><\/div><\/div><div class=\"vcex-list-item-text vcex-content wpex-flex-grow\">info&#64;&#102;&#117;&#99;&#104;&#115;&#45;&#116;c&#46;&#100;&#101;<\/div><\/div><\/a><\/div><\/div><\/div><\/div><div class=\"wpb_column vc_column_container vc_col-sm-4\"><div class=\"vc_column-inner\"><div class=\"wpb_wrapper\"><\/div><\/div><\/div><\/div><\/div>[\/vc_column][\/vc_row][vc_row remove_bottom_col_margin=&#8221;true&#8221;][vc_column]<style>.vcex-heading.vcex_69f54f334c610 .vcex-heading-icon{color:#0093d5;}<\/style><h2 class=\"vcex-heading vcex-heading-plain vcex-module wpex-heading wpex-text-2xl wpex-text-left vcex_69f54f334c610\"><span class=\"vcex-heading-inner wpex-inline-block\"><span class=\"vcex-heading-icon vcex-heading-icon-left vcex-icon-wrap wpex-mr-10\"><span class=\"wpex-icon\" aria-hidden=\"true\"><svg xmlns=\"http:\/\/www.w3.org\/2000\/svg\" viewBox=\"0 0 512 512\"><path d=\"M480 32c0-12.9-7.8-24.6-19.8-29.6s-25.7-2.2-34.9 6.9L381.7 53c-48 48-113.1 75-181 75H192 160 64c-35.3 0-64 28.7-64 64v96c0 35.3 28.7 64 64 64l0 128c0 17.7 14.3 32 32 32h64c17.7 0 32-14.3 32-32V352l8.7 0c67.9 0 133 27 181 75l43.6 43.6c9.2 9.2 22.9 11.9 34.9 6.9s19.8-16.6 19.8-29.6V300.4c18.6-8.8 32-32.5 32-60.4s-13.4-51.6-32-60.4V32zm-64 76.7V240 371.3C357.2 317.8 280.5 288 200.7 288H192V192h8.7c79.8 0 156.5-29.8 215.3-83.3z\"\/><\/svg><\/span><\/span>Inhaltliche Verantwortung<\/span><\/h2><div class=\"vcex-spacing wpex-w-100 wpex-clear\" style=\"height:45px;\"><\/div>[vc_column_text]Gesch\u00e4ftsf\u00fchrer: <strong>Andre Fuchs<\/strong><br \/>\nHandelsregister: Amtsgericht Frankfurt Rhein Main, HRB 82623<\/p>\n<p>Bankverbindung:<br \/>\nTaunus Sparkasse<br \/>\nIBAN: DE17512500000001063049<br \/>\nBIC: HELADEF1TSK<\/p>\n<p>Finanzamt Frankfurt am Main<br \/>\nUST-ID Nr. DE 258561895[\/vc_column_text]<div class=\"vcex-spacing wpex-w-100 wpex-clear\" style=\"height:45px;\"><\/div>[vc_column_text]<strong>Haftung: <\/strong>Der Betreiber des Internetangebots \u00fcbernimmt keine Haftung oder Garantie f\u00fcr die Aktualit\u00e4t, Korrektheit, Vollst\u00e4ndigkeit der zur Verf\u00fcgung gestellten Informationen. Des Weiteren \u00fcbernimmt der Betreiber des Internetangebots keine Gew\u00e4hr f\u00fcr Verluste, die durch die Verwendung oder Verteilung dieser Informationen verursacht werden oder mit der Verteilung\/Nutzung dieser Informationen im Zusammenhang stehen. Der Betreiber des Internetangebots beh\u00e4lt sich das Recht vor, die bereitgestellten Informationen jederzeit zu erg\u00e4nzen oder zu \u00e4ndern.<\/p>\n<p><strong>Copyright: <\/strong>FTC. Alle Rechte vorbehalten: Texte, Bilder, Grafiken, Sounds, Animationen und Videos sowie deren Anordnung auf dem Internetauftritt www.fuchs-tc.de unterliegen dem Schutz des Urheberrechts und anderer Schutzgesetze. Der Inhalt dieser Webseiten darf nicht zu kommerziellen Zwecken kopiert, verbreitet, ver\u00e4ndert oder Dritten zug\u00e4nglich gemacht werden. Alle innerhalb des Internetangebots genannten ggf. durch Dritte gesch\u00fctzten Marken- und Warenzeichen unterliegen uneingeschr\u00e4nkt den Bestimmungen des jeweils g\u00fcltigen Kennzeichenrechts und unter den Besitzrechten der jeweiligen eingetragenen Eigent\u00fcmer.<\/p>\n<p><strong>Links: <\/strong>Der Betreiber des Internetangebots \u00fcbernimmt keine Haftung f\u00fcr Webseiten, auf die mittels Hyperlink verwiesen wird. Der Betreiber des Internetangebots hat hierauf keinerlei Einfluss und macht sich diese Inhalte nicht zu Eigen.[\/vc_column_text][\/vc_column][\/vc_row][vc_row full_width=&#8221;stretch_row&#8221; bg_type=&#8221;bg_color&#8221; seperator_enable=&#8221;seperator_enable_value&#8221; seperator_type=&#8221;tilt_left_seperator&#8221; seperator_svg_height=&#8221;80&#8243; bg_color_value=&#8221;#1e2548&#8243;][vc_column width=&#8221;1\/2&#8243;]<div class=\"vcex-spacing wpex-w-100 wpex-clear\" style=\"height:80px;\"><\/div>[\/vc_column][vc_column width=&#8221;1\/2&#8243;][\/vc_column][\/vc_row]\n<\/div>","protected":false},"excerpt":{"rendered":"Imprint Fuchs Technology Consulting GmbH Schubertstra\u00dfe 27 60325 Frankfurt am Main +49 (0)69-95 411 96 80in&#102;&#111;&#64;fuchs&#45;t&#99;.d&#101;Inhaltliche Verantwortung Gesch\u00e4ftsf\u00fchrer: Andre Fuchs Handelsregister: Amtsgericht Frankfurt Rhein Main, HRB 82623 Bankverbindung: Taunus Sparkasse IBAN: DE17512500000001063049 BIC: HELADEF1TSK Finanzamt Frankfurt am Main UST-ID Nr. DE 258561895 Haftung: Der Betreiber des Internetangebots \u00fcbernimmt keine Haftung oder Garantie f\u00fcr die Aktualit\u00e4t,&hellip;","protected":false},"author":1,"featured_media":0,"parent":0,"menu_order":0,"comment_status":"closed","ping_status":"closed","template":"","meta":{"footnotes":""},"class_list":["post-545","page","type-page","status-publish","hentry","entry","no-media"],"yoast_head":"<!-- This site is optimized with the Yoast SEO plugin v24.2 - https:\/\/yoast.com\/wordpress\/plugins\/seo\/ -->\n<title>Imprint - Fuchs TC<\/title>\n<meta name=\"robots\" content=\"index, follow, max-snippet:-1, max-image-preview:large, max-video-preview:-1\" \/>\n<link rel=\"canonical\" href=\"https:\/\/fuchs-tc.de\/en\/imprint\/\" \/>\n<meta property=\"og:locale\" content=\"en_US\" \/>\n<meta property=\"og:type\" content=\"article\" \/>\n<meta property=\"og:title\" content=\"Imprint - Fuchs TC\" \/>\n<meta property=\"og:url\" content=\"https:\/\/fuchs-tc.de\/en\/imprint\/\" \/>\n<meta property=\"og:site_name\" content=\"Fuchs TC\" \/>\n<meta name=\"twitter:card\" content=\"summary_large_image\" \/>\n<meta name=\"twitter:label1\" content=\"Est. reading time\" \/>\n\t<meta name=\"twitter:data1\" content=\"2 minutes\" \/>\n<script type=\"application\/ld+json\" class=\"yoast-schema-graph\">{\"@context\":\"https:\/\/schema.org\",\"@graph\":[{\"@type\":\"WebPage\",\"@id\":\"https:\/\/fuchs-tc.de\/en\/imprint\/\",\"url\":\"https:\/\/fuchs-tc.de\/en\/imprint\/\",\"name\":\"Imprint - Fuchs TC\",\"isPartOf\":{\"@id\":\"https:\/\/fuchs-tc.de\/#website\"},\"datePublished\":\"2020-02-06T14:57:35+00:00\",\"dateModified\":\"2020-02-06T14:57:35+00:00\",\"breadcrumb\":{\"@id\":\"https:\/\/fuchs-tc.de\/en\/imprint\/#breadcrumb\"},\"inLanguage\":\"en-US\",\"potentialAction\":[{\"@type\":\"ReadAction\",\"target\":[\"https:\/\/fuchs-tc.de\/en\/imprint\/\"]}]},{\"@type\":\"BreadcrumbList\",\"@id\":\"https:\/\/fuchs-tc.de\/en\/imprint\/#breadcrumb\",\"itemListElement\":[{\"@type\":\"ListItem\",\"position\":1,\"name\":\"Home\",\"item\":\"https:\/\/fuchs-tc.de\/en\/\"},{\"@type\":\"ListItem\",\"position\":2,\"name\":\"Imprint\"}]},{\"@type\":\"WebSite\",\"@id\":\"https:\/\/fuchs-tc.de\/#website\",\"url\":\"https:\/\/fuchs-tc.de\/\",\"name\":\"Fuchs TC\",\"description\":\"Fuchs Technology Consulting\",\"publisher\":{\"@id\":\"https:\/\/fuchs-tc.de\/#organization\"},\"potentialAction\":[{\"@type\":\"SearchAction\",\"target\":{\"@type\":\"EntryPoint\",\"urlTemplate\":\"https:\/\/fuchs-tc.de\/?s={search_term_string}\"},\"query-input\":{\"@type\":\"PropertyValueSpecification\",\"valueRequired\":true,\"valueName\":\"search_term_string\"}}],\"inLanguage\":\"en-US\"},{\"@type\":\"Organization\",\"@id\":\"https:\/\/fuchs-tc.de\/#organization\",\"name\":\"Fuchs TC\",\"url\":\"https:\/\/fuchs-tc.de\/\",\"logo\":{\"@type\":\"ImageObject\",\"inLanguage\":\"en-US\",\"@id\":\"https:\/\/fuchs-tc.de\/#\/schema\/logo\/image\/\",\"url\":\"https:\/\/fuchs-tc.de\/wp-content\/uploads\/2019\/11\/FTC_Bildlogo.png\",\"contentUrl\":\"https:\/\/fuchs-tc.de\/wp-content\/uploads\/2019\/11\/FTC_Bildlogo.png\",\"width\":557,\"height\":250,\"caption\":\"Fuchs TC\"},\"image\":{\"@id\":\"https:\/\/fuchs-tc.de\/#\/schema\/logo\/image\/\"},\"sameAs\":[\"https:\/\/www.linkedin.com\/in\/andre-fuchs-b753871b\/\"]}]}<\/script>\n<!-- \/ Yoast SEO plugin. -->","yoast_head_json":{"title":"Imprint - Fuchs TC","robots":{"index":"index","follow":"follow","max-snippet":"max-snippet:-1","max-image-preview":"max-image-preview:large","max-video-preview":"max-video-preview:-1"},"canonical":"https:\/\/fuchs-tc.de\/en\/imprint\/","og_locale":"en_US","og_type":"article","og_title":"Imprint - Fuchs TC","og_url":"https:\/\/fuchs-tc.de\/en\/imprint\/","og_site_name":"Fuchs TC","twitter_card":"summary_large_image","twitter_misc":{"Est. reading time":"2 minutes"},"schema":{"@context":"https:\/\/schema.org","@graph":[{"@type":"WebPage","@id":"https:\/\/fuchs-tc.de\/en\/imprint\/","url":"https:\/\/fuchs-tc.de\/en\/imprint\/","name":"Imprint - Fuchs TC","isPartOf":{"@id":"https:\/\/fuchs-tc.de\/#website"},"datePublished":"2020-02-06T14:57:35+00:00","dateModified":"2020-02-06T14:57:35+00:00","breadcrumb":{"@id":"https:\/\/fuchs-tc.de\/en\/imprint\/#breadcrumb"},"inLanguage":"en-US","potentialAction":[{"@type":"ReadAction","target":["https:\/\/fuchs-tc.de\/en\/imprint\/"]}]},{"@type":"BreadcrumbList","@id":"https:\/\/fuchs-tc.de\/en\/imprint\/#breadcrumb","itemListElement":[{"@type":"ListItem","position":1,"name":"Home","item":"https:\/\/fuchs-tc.de\/en\/"},{"@type":"ListItem","position":2,"name":"Imprint"}]},{"@type":"WebSite","@id":"https:\/\/fuchs-tc.de\/#website","url":"https:\/\/fuchs-tc.de\/","name":"Fuchs TC","description":"Fuchs Technology Consulting","publisher":{"@id":"https:\/\/fuchs-tc.de\/#organization"},"potentialAction":[{"@type":"SearchAction","target":{"@type":"EntryPoint","urlTemplate":"https:\/\/fuchs-tc.de\/?s={search_term_string}"},"query-input":{"@type":"PropertyValueSpecification","valueRequired":true,"valueName":"search_term_string"}}],"inLanguage":"en-US"},{"@type":"Organization","@id":"https:\/\/fuchs-tc.de\/#organization","name":"Fuchs TC","url":"https:\/\/fuchs-tc.de\/","logo":{"@type":"ImageObject","inLanguage":"en-US","@id":"https:\/\/fuchs-tc.de\/#\/schema\/logo\/image\/","url":"https:\/\/fuchs-tc.de\/wp-content\/uploads\/2019\/11\/FTC_Bildlogo.png","contentUrl":"https:\/\/fuchs-tc.de\/wp-content\/uploads\/2019\/11\/FTC_Bildlogo.png","width":557,"height":250,"caption":"Fuchs TC"},"image":{"@id":"https:\/\/fuchs-tc.de\/#\/schema\/logo\/image\/"},"sameAs":["https:\/\/www.linkedin.com\/in\/andre-fuchs-b753871b\/"]}]}},"_links":{"self":[{"href":"https:\/\/fuchs-tc.de\/en\/wp-json\/wp\/v2\/pages\/545","targetHints":{"allow":["GET"]}}],"collection":[{"href":"https:\/\/fuchs-tc.de\/en\/wp-json\/wp\/v2\/pages"}],"about":[{"href":"https:\/\/fuchs-tc.de\/en\/wp-json\/wp\/v2\/types\/page"}],"author":[{"embeddable":true,"href":"https:\/\/fuchs-tc.de\/en\/wp-json\/wp\/v2\/users\/1"}],"replies":[{"embeddable":true,"href":"https:\/\/fuchs-tc.de\/en\/wp-json\/wp\/v2\/comments?post=545"}],"version-history":[{"count":1,"href":"https:\/\/fuchs-tc.de\/en\/wp-json\/wp\/v2\/pages\/545\/revisions"}],"predecessor-version":[{"id":546,"href":"https:\/\/fuchs-tc.de\/en\/wp-json\/wp\/v2\/pages\/545\/revisions\/546"}],"wp:attachment":[{"href":"https:\/\/fuchs-tc.de\/en\/wp-json\/wp\/v2\/media?parent=545"}],"curies":[{"name":"wp","href":"https:\/\/api.w.org\/{rel}","templated":true}]}}